{"id":960,"date":"2017-11-21T19:47:57","date_gmt":"2017-11-21T19:47:57","guid":{"rendered":"http:\/\/allavecchiamaniera.apps-1and1.net\/prodotto\/cantucci\/"},"modified":"2021-03-08T17:27:03","modified_gmt":"2021-03-08T17:27:03","slug":"cantucci","status":"publish","type":"product","link":"https:\/\/alla-vecchia-maniera.it\/?product=cantucci","title":{"rendered":"Cantucci"},"content":{"rendered":"<p>Pur nella loro semplicit\u00e0 i cantucci sono diventati i biscotti pi\u00f9 famosi tra i dolci toscani. Le loro origini risalgono almeno al XV secolo, preparati da cuochi in occasione della visita della Marchesa Isabella d\u2019Este a Firenze. La nostra \u00e8 una versione morbida, non \u00e8 necessario inzupparli ideali da accompagnare con caff\u00e8 o th\u00e8.<\/p>\n","protected":false},"excerpt":{"rendered":"<p>Tipico biscotto toscano dalla consistenza friabile<br \/>\nideale da consumare anche senza inzuppo.<br \/>\npreparati con mandorle, olio extra vergine di oliva e vin santo toscano<br \/>\nConfezione da 250g<br \/>\nshelf life 6 mesi<\/p>\n","protected":false},"featured_media":1296,"comment_status":"closed","ping_status":"closed","template":"","meta":[],"product_cat":[26],"product_tag":[],"class_list":{"0":"post-960","1":"product","2":"type-product","3":"status-publish","4":"has-post-thumbnail","6":"product_cat-biscotti","8":"first","9":"instock","10":"purchasable","11":"product-type-simple"},"_links":{"self":[{"href":"https:\/\/alla-vecchia-maniera.it\/index.php?rest_route=\/wp\/v2\/product\/960","targetHints":{"allow":["GET"]}}],"collection":[{"href":"https:\/\/alla-vecchia-maniera.it\/index.php?rest_route=\/wp\/v2\/product"}],"about":[{"href":"https:\/\/alla-vecchia-maniera.it\/index.php?rest_route=\/wp\/v2\/types\/product"}],"replies":[{"embeddable":true,"href":"https:\/\/alla-vecchia-maniera.it\/index.php?rest_route=%2Fwp%2Fv2%2Fcomments&post=960"}],"wp:featuredmedia":[{"embeddable":true,"href":"https:\/\/alla-vecchia-maniera.it\/index.php?rest_route=\/wp\/v2\/media\/1296"}],"wp:attachment":[{"href":"https:\/\/alla-vecchia-maniera.it\/index.php?rest_route=%2Fwp%2Fv2%2Fmedia&parent=960"}],"wp:term":[{"taxonomy":"product_cat","embeddable":true,"href":"https:\/\/alla-vecchia-maniera.it\/index.php?rest_route=%2Fwp%2Fv2%2Fproduct_cat&post=960"},{"taxonomy":"product_tag","embeddable":true,"href":"https:\/\/alla-vecchia-maniera.it\/index.php?rest_route=%2Fwp%2Fv2%2Fproduct_tag&post=960"}],"curies":[{"name":"wp","href":"https:\/\/api.w.org\/{rel}","templated":true}]}}