{"id":2400,"date":"2023-12-04T08:24:35","date_gmt":"2023-12-04T08:24:35","guid":{"rendered":"https:\/\/alla-vecchia-maniera.it\/?post_type=product&#038;p=2400"},"modified":"2025-12-01T17:19:05","modified_gmt":"2025-12-01T17:19:05","slug":"panettone-classico-750g","status":"publish","type":"product","link":"https:\/\/alla-vecchia-maniera.it\/?product=panettone-classico-750g","title":{"rendered":"Panettone classico 750g"},"content":{"rendered":"<p>Il periodo delle festivit\u00e0 riunisce gli affetti pi\u00f9 cari ed \u00e8 ricerca di sapori e prodotti della tradizione. Agroalimenta con i suoi panettoni, pandori e le sue colombe porta sulle vostre tavole imbandite a festa il gusto della genuinit\u00e0 esaltando il sapore tipico della lavorazione di un tempo.<\/p>\n","protected":false},"excerpt":{"rendered":"<p>Il periodo delle festivit\u00e0 riunisce gli affetti pi\u00f9 cari ed \u00e8 ricerca di sapori e prodotti della tradizione. Agroalimenta con i suoi panettoni, pandori e le sue colombe porta sulle vostre tavole imbandite a festa il gusto della genuinit\u00e0 esaltando il sapore tipico della lavorazione di un tempo.<\/p>\n","protected":false},"featured_media":2621,"comment_status":"open","ping_status":"closed","template":"","meta":[],"product_cat":[32],"product_tag":[],"class_list":{"0":"post-2400","1":"product","2":"type-product","3":"status-publish","4":"has-post-thumbnail","6":"product_cat-natale","8":"first","9":"instock","10":"shipping-taxable","11":"purchasable","12":"product-type-simple"},"_links":{"self":[{"href":"https:\/\/alla-vecchia-maniera.it\/index.php?rest_route=\/wp\/v2\/product\/2400","targetHints":{"allow":["GET"]}}],"collection":[{"href":"https:\/\/alla-vecchia-maniera.it\/index.php?rest_route=\/wp\/v2\/product"}],"about":[{"href":"https:\/\/alla-vecchia-maniera.it\/index.php?rest_route=\/wp\/v2\/types\/product"}],"replies":[{"embeddable":true,"href":"https:\/\/alla-vecchia-maniera.it\/index.php?rest_route=%2Fwp%2Fv2%2Fcomments&post=2400"}],"wp:featuredmedia":[{"embeddable":true,"href":"https:\/\/alla-vecchia-maniera.it\/index.php?rest_route=\/wp\/v2\/media\/2621"}],"wp:attachment":[{"href":"https:\/\/alla-vecchia-maniera.it\/index.php?rest_route=%2Fwp%2Fv2%2Fmedia&parent=2400"}],"wp:term":[{"taxonomy":"product_cat","embeddable":true,"href":"https:\/\/alla-vecchia-maniera.it\/index.php?rest_route=%2Fwp%2Fv2%2Fproduct_cat&post=2400"},{"taxonomy":"product_tag","embeddable":true,"href":"https:\/\/alla-vecchia-maniera.it\/index.php?rest_route=%2Fwp%2Fv2%2Fproduct_tag&post=2400"}],"curies":[{"name":"wp","href":"https:\/\/api.w.org\/{rel}","templated":true}]}}