{"id":2396,"date":"2023-12-04T08:19:04","date_gmt":"2023-12-04T08:19:04","guid":{"rendered":"https:\/\/alla-vecchia-maniera.it\/?post_type=product&#038;p=2396"},"modified":"2024-10-23T05:19:14","modified_gmt":"2024-10-23T05:19:14","slug":"panettoncino-pere-e-cioccolato-100g","status":"publish","type":"product","link":"https:\/\/alla-vecchia-maniera.it\/?product=panettoncino-pere-e-cioccolato-100g","title":{"rendered":"panettoncino pere e cioccolato 100g"},"content":{"rendered":"<p>La ricerca delle migliori materie prime, viene fatta con cura: l\u2019utilizzo di nocciole, le uova di gallina allevate a terra, i canditi lavorati dal fresco come il cedro di Diamante e le arance di Sicilia, la vaniglia Bourbon del Madagascar, le farine dei migliori mulini caratterizzano la linea; inoltre l\u2019utilizzo del lievito madre e la lenta lievitazione creano un prodotto unico nella sua forma e nel sapore.<\/p>\n","protected":false},"excerpt":{"rendered":"<p>Il periodo delle festivit\u00e0 riunisce gli affetti pi\u00f9 cari ed \u00e8 ricerca di sapori e prodotti della tradizione. Agroalimenta con i suoi panettoni, pandori e le sue colombe porta sulle vostre tavole imbandite a festa il gusto della genuinit\u00e0 esaltando il sapore tipico della lavorazione di un tempo.<\/p>\n","protected":false},"featured_media":2397,"comment_status":"open","ping_status":"closed","template":"","meta":[],"product_cat":[41,32],"product_tag":[],"class_list":{"0":"post-2396","1":"product","2":"type-product","3":"status-publish","4":"has-post-thumbnail","6":"product_cat-specialita-regionali","7":"product_cat-natale","9":"first","10":"outofstock","11":"shipping-taxable","12":"purchasable","13":"product-type-simple"},"_links":{"self":[{"href":"https:\/\/alla-vecchia-maniera.it\/index.php?rest_route=\/wp\/v2\/product\/2396","targetHints":{"allow":["GET"]}}],"collection":[{"href":"https:\/\/alla-vecchia-maniera.it\/index.php?rest_route=\/wp\/v2\/product"}],"about":[{"href":"https:\/\/alla-vecchia-maniera.it\/index.php?rest_route=\/wp\/v2\/types\/product"}],"replies":[{"embeddable":true,"href":"https:\/\/alla-vecchia-maniera.it\/index.php?rest_route=%2Fwp%2Fv2%2Fcomments&post=2396"}],"wp:featuredmedia":[{"embeddable":true,"href":"https:\/\/alla-vecchia-maniera.it\/index.php?rest_route=\/wp\/v2\/media\/2397"}],"wp:attachment":[{"href":"https:\/\/alla-vecchia-maniera.it\/index.php?rest_route=%2Fwp%2Fv2%2Fmedia&parent=2396"}],"wp:term":[{"taxonomy":"product_cat","embeddable":true,"href":"https:\/\/alla-vecchia-maniera.it\/index.php?rest_route=%2Fwp%2Fv2%2Fproduct_cat&post=2396"},{"taxonomy":"product_tag","embeddable":true,"href":"https:\/\/alla-vecchia-maniera.it\/index.php?rest_route=%2Fwp%2Fv2%2Fproduct_tag&post=2396"}],"curies":[{"name":"wp","href":"https:\/\/api.w.org\/{rel}","templated":true}]}}