{"id":789,"date":"2017-11-10T13:51:59","date_gmt":"2017-11-10T13:51:59","guid":{"rendered":"http:\/\/allavecchiamaniera.apps-1and1.net\/?page_id=789"},"modified":"2017-12-27T10:06:46","modified_gmt":"2017-12-27T10:06:46","slug":"cookies-policy","status":"publish","type":"page","link":"https:\/\/alla-vecchia-maniera.it\/?page_id=789","title":{"rendered":"Cookies Policy"},"content":{"rendered":"<p>La nostra Cookie Policy ha l\u2019intento di descrivere le tipologie di cookie utilizzati dal sito web <a href=\"http:\/\/www.allavecchiamaniera.net\">www.allavecchiamaniera.net<\/a> (di seguito \u201cSito\u201d), le finalit\u00e0 dei cookie installati e le modalit\u00e0 con cui l\u2019utente pu\u00f2 selezionare o deselezionare i cookie presenti sul Sito e che fruiscono dei servizi proposti.<\/p>\n<p>Utilizziamo i cookie per rendere il nostro Sito pi\u00f9 facile e intuitivo. I dati raccolti grazie ai cookie servono per rendere l\u2019esperienza di navigazione pi\u00f9 piacevole e pi\u00f9 efficiente in futuro.<\/p>\n<p>&nbsp;<\/p>\n<p><strong>1. COSA SONO I COOKIE<\/strong><\/p>\n<p>I cookie, cos\u00ec come definiti dall\u2019Autorit\u00e0 Garante, sono stringhe di testo di piccole dimensioni che le applicazioni visitate dall\u2019utente inviano al suo terminale (solitamente al browser), dove vengono memorizzati per essere poi ritrasmessi alle stesse applicazioni alla successiva visita del medesimo utente.<\/p>\n<p>Con il termine cookie si vuol far riferimento sia ai cookie, propriamente detti, sia a tutte le tecnologie similari.<\/p>\n<p>I cookie sono usati per accedere pi\u00f9 rapidamente ai servizi online e per migliorare la navigazione dell\u2019utente attraverso il monitoraggio di sessioni, la memorizzazione di informazioni degli utenti, il caricamento pi\u00f9 rapido dei contenuti, etc.<\/p>\n<p>&nbsp;<\/p>\n<p><strong>2. TIPOLOGIE DI COOKIE <\/strong><\/p>\n<p>I cookie possono essere:<\/p>\n<p><strong>Cookie di prima parte<\/strong>: sono i cookie proprietari utilizzati dal titolare del Sito al fine di consentire all\u2019utente di navigare in modo pi\u00f9 efficiente e\/o di monitorare le azioni esercitate dallo stesso;<\/p>\n<p><strong>Cookie di terza parte<\/strong>: sono i cookie impostati da un sito diverso da quello che si sta attualmente visitando al fine di consentire all\u2019utente di navigare in modo pi\u00f9 efficiente e\/o di monitorare le azioni esercitate dallo stesso.<\/p>\n<p>Inoltre, si distinguono diverse tipologie di cookie:<\/p>\n<p><strong>Cookie Tecnici<\/strong>: utilizzati al solo fine di \u201ceffettuare la trasmissione di una comunicazione su una rete di comunicazione elettronica, o nella misura strettamente necessaria al fornitore di un servizio della societ\u00e0 dell\u2019informazione esplicitamente richiesto dall\u2019abbonato o dall\u2019utente a erogare tale servizio\u201d (art. 122, comma 1, del Codice Privacy).<\/p>\n<p>I cookie tecnici ricomprendono:<\/p>\n<ul>\n<li><strong style=\"color: #555555;\"><em>Cookie di Sessione o di Navigazione<\/em><\/strong><span style=\"color: #555555;\">: sono utilizzati per tenere traccia dell\u2019attivit\u00e0 dell\u2019utente in rete. Garantiscono la normale navigazione e fruizione del Sito, permettendo ad esempio di navigare pi\u00f9 rapidamente, di realizzare un acquisto o di autenticarsi per accedere ad aree riservate, e sono di fatto necessari per il suo corretto funzionamento.<\/span><\/li>\n<li><strong style=\"color: #555555;\">Cookie di Funzionalit\u00e0<\/strong><span style=\"color: #555555;\">: permettono all\u2019utente la navigazione in funzione di una serie di criteri selezionati (ad esempio, la lingua, i prodotti selezionati per l\u2019acquisto) al fine di migliorare il servizio reso allo stesso.<\/span><\/li>\n<li><strong style=\"color: #555555;\">Cookie Analitici di prima parte<\/strong><span style=\"color: #555555;\">: assimilati sul piano normativo ai cookie tecnici se utilizzati direttamente dal titolare del Sito senza effettuare la profilazione dell\u2019utente ma solo per raccogliere informazioni, in forma aggregata e anonima, sul numero degli utenti e su come questi visitano il Sito per finalit\u00e0 statistiche e per migliorare le performance del Sito.<\/span><\/li>\n<li><strong style=\"color: #555555;\">Cookie Analitici di terza parte<\/strong><span style=\"color: #555555;\">: sono messi a disposizione da soggetti terzi e vengono assimilati ai cookie tecnici se le terze parti non effettuano la profilazione dell\u2019utente mediante l\u2019utilizzo di strumenti idonei a ridurre il potere identificativo dei cookie (per esempio, mediante il mascheramento di porzioni significative dell\u2019indirizzo IP) e senza incrociare le informazioni raccolte con altre di cui gi\u00e0 dispongono.<\/span><\/li>\n<\/ul>\n<p>Per i cookie tecnici \u00e8 richiesto il solo rilascio della Cookie Policy senza necessit\u00e0 di richiedere il consenso (art. 13 Codice della Privacy).<\/p>\n<div class=\"page\" title=\"Page 2\">\n<div class=\"layoutArea\">\n<div class=\"column\">\n<p><strong>Cookie di Profilazione<\/strong>: sono utilizzati per monitorare la navigazione web dell\u2019utente e creare un profilo delle sue abitudini:<\/p>\n<ul>\n<li><strong>Cookie di profilazione di prima parte<\/strong>: installati dal titolare del Sito per creare profili relativi all\u2019utente al fine di inviare messaggi pubblicitari in linea con le preferenze manifestate durante la navigazione in rete. Data la loro particolare invasivit\u00e0 nella sfera privata degli utenti, la normativa europea e italiana richiede che l\u2019utente debba essere adeguatamente informato sull\u2019uso degli stessi, che esprima il proprio consenso e che venga effettuata la notifica la Garante della Privacy.<\/li>\n<li><strong style=\"color: #555555;\">Cookie di profilazione di terza parte<\/strong><span style=\"color: #555555;\">: usati da soggetti terzi che accedono alle informazioni in chiaro, quindi non in modalit\u00e0 anonima e aggregata, e li incrociano con altri dati gi\u00e0 in loro possesso. Il Sito non ha un controllo diretto dei singoli cookie di terze parti e non pu\u00f2 n\u00e9 installarli direttamente n\u00e9 cancellarli. L\u2019utente \u00e8 pertanto invitato a verificare sul sito della terza parte la relativa informativa relativa ai cookie. Per tali cookie la normativa prevede che l\u2019utente debba essere adeguatamente informato sull\u2019uso degli stessi, che esprima il proprio consenso nonch\u00e9 che venga effettuata la notifica al Garante Privacy da parte del soggetto che utilizza i dati.<\/span><\/li>\n<\/ul>\n<p>&nbsp;<\/p>\n<p><strong>3. COOKIE INSTALLATI<\/strong><\/p>\n<p>I cookie presenti su questo Sito sono:\u00a0<em>cookie tecnici<\/em> necessari per il funzionamento del sito.<\/p>\n<p>&nbsp;<\/p>\n<p><strong>4. DURATA DEI COOKIE<\/strong><\/p>\n<p>I cookie hanno una durata dettata dalla data di scadenza o da un\u2019azione specifica come la chiusura del\u00a0browser impostata al momento dell\u2019installazione. I cookie possono essere:<\/p>\n<p><strong>temporanei o di sessione<\/strong>: sono utilizzati per archiviare informazioni temporanee, consentono di collegare le azioni eseguite durante una sessione specifica e vengono rimossi dal computer alla chiusura del browser;<\/p>\n<p><strong>persistenti<\/strong>: sono utilizzati per archiviare informazioni, ad esempio il nome e la password di accesso, in modo da evitare che l\u2019utente debba digitarli nuovamente ogni volta che visita un sito specifico. Questi rimangono memorizzati nel computer anche dopo aver chiuso il browser.<\/p>\n<p>&nbsp;<\/p>\n<p><strong>5. MANIFESTAZIONE DEL CONSENSO<\/strong><\/p>\n<p>Per i cookie che richiedono il consenso, alla prima visita del Sito l\u2019utente visualizza automaticamente un banner, contenente sia il link alla presente informativa completa che la richiesta di manifestazione del consenso all\u2019utilizzo dei cookie.<\/p>\n<p>Il consenso pu\u00f2 essere prestato dall\u2019utente cliccando il tasto OK sul banner, effettuando azioni di scroll sulla pagina e\/o accedendo ad altre sezioni del Sito cliccando su link presenti nella pagina web sottostante al banner stesso (azione conseguente).<\/p>\n<p>&nbsp;<\/p>\n<p><strong>6. COME DISABILITARE I COOKIE<\/strong><\/p>\n<p>L\u2019utente pu\u00f2 gestire le preferenze relative ai cookie direttamente all\u2019interno del proprio browser ed impedire che terze parti possano installarne. Tramite le preferenze del browser \u00e8 inoltre possibile eliminare i cookie installati in passato, incluso il cookie in cui venga eventualmente salvato il consenso all\u2019installazione di cookie da parte di questo Sito. Disabilitando tutti i cookie, il funzionamento di questo Sito potrebbe risultare compromesso.<\/p>\n<p>L\u2019utente pu\u00f2 trovare informazioni e esercitare il proprio diritto ad opporsi al tracciamento dei cookie nel suo browser ai seguenti indirizzi:<\/p>\n<p>Internet Explorer: <a href=\"http:\/\/windows.microsoft.com\/it-IT\/internet-explorer\/delete-manage-cookies\">http:\/\/windows.microsoft.com\/it-IT\/internet-explorer\/delete-manage-cookies<\/a>;<\/p>\n<p>Google Chrome: <a href=\"https:\/\/support.google.com\/chrome\/answer\/95647?hl=it\">https:\/\/support.google.com\/chrome\/answer\/95647?hl=it<\/a>;<\/p>\n<p>Mozilla Firefox: <a href=\"https:\/\/support.mozilla.org\/it\/kb\/Gestione%20dei%20cookie\">https:\/\/support.mozilla.org\/it\/kb\/Gestione%20dei%20cookie<\/a>;<\/p>\n<\/div>\n<\/div>\n<\/div>\n<div class=\"page\" title=\"Page 3\">\n<div class=\"layoutArea\">\n<div class=\"column\">\n<p>Opera: <a href=\"http:\/\/help.opera.com\/Windows\/10.00\/it\/cookies.html\">http:\/\/help.opera.com\/Windows\/10.00\/it\/cookies.html<\/a>;<\/p>\n<p>Apple Safari: <a href=\"https:\/\/support.apple.com\/kb\/PH19214?locale=it_IT\">https:\/\/support.apple.com\/kb\/PH19214?locale=it_IT<\/a>.<\/p>\n<p>Inoltre si pu\u00f2 procedere alla cancellazione dei cookie chiedendo l\u2019opt-out direttamente alle terze parti o tramite il sito <a href=\"http:\/\/www.youronlinechoices.com\/it\">http:\/\/www.youronlinechoices.com\/it<\/a>, dove \u00e8 possibile gestire le preferenze di tracciamento della maggior parte degli strumenti pubblicitari.<\/p>\n<p>&nbsp;<\/p>\n<p><strong>7. DIRITTI DEGLI UTENTI<\/strong><\/p>\n<p>L\u2019Utente ha la facolt\u00e0 in qualsiasi momento di esercitare i diritti riconosciuti dall\u2019art. 7 del D.Lgs. 196\/2003. In particolare, pu\u00f2, tra gli altri, ottenere copia dei dati trattati, il loro aggiornamento, la loro origine, la finalit\u00e0 e la modalit\u00e0 del trattamento, la loro rettifica o integrazione, la loro cancellazione, la trasformazione in forma anonima o il blocco per i trattamenti in violazione di legge e pu\u00f2 opporsi per motivi legittimi al trattamento.<\/p>\n<p>Per esercitare tali diritti, scrivere al Titolare del trattamento dei dati:<\/p>\n<p>Vittoria Germinara, Via monginevro 40, <a href=\"mailto:info@allavecchiamaniera.net\">info@allavecchiamaniera.net<\/a><\/p>\n<p>Le ulteriori informazioni riguardo al trattamento dei dati si possono trovare al seguente link <a href=\"http:\/\/www.allavecchiamaniera.net\">www.allavecchiamaniera.net<\/a>.<\/p>\n<p>&nbsp;<\/p>\n<p>Data 27\/12\/2017<\/p>\n<\/div>\n<\/div>\n<\/div>\n","protected":false},"excerpt":{"rendered":"<p>La nostra Cookie Policy ha l\u2019intento di descrivere le tipologie di cookie utilizzati dal sito web www.allavecchiamaniera.net (di seguito \u201cSito\u201d), le finalit\u00e0 dei cookie installati e le modalit\u00e0 con cui l\u2019utente pu\u00f2 selezionare o deselezionare i cookie presenti sul Sito e che fruiscono dei servizi proposti. Utilizziamo i cookie per rendere il nostro Sito pi\u00f9 [&#8230;]\n","protected":false},"author":1,"featured_media":0,"parent":0,"menu_order":0,"comment_status":"closed","ping_status":"closed","template":"","meta":{"footnotes":""},"class_list":["post-789","page","type-page","status-publish","hentry"],"_links":{"self":[{"href":"https:\/\/alla-vecchia-maniera.it\/index.php?rest_route=\/wp\/v2\/pages\/789","targetHints":{"allow":["GET"]}}],"collection":[{"href":"https:\/\/alla-vecchia-maniera.it\/index.php?rest_route=\/wp\/v2\/pages"}],"about":[{"href":"https:\/\/alla-vecchia-maniera.it\/index.php?rest_route=\/wp\/v2\/types\/page"}],"author":[{"embeddable":true,"href":"https:\/\/alla-vecchia-maniera.it\/index.php?rest_route=\/wp\/v2\/users\/1"}],"replies":[{"embeddable":true,"href":"https:\/\/alla-vecchia-maniera.it\/index.php?rest_route=%2Fwp%2Fv2%2Fcomments&post=789"}],"version-history":[{"count":5,"href":"https:\/\/alla-vecchia-maniera.it\/index.php?rest_route=\/wp\/v2\/pages\/789\/revisions"}],"predecessor-version":[{"id":1119,"href":"https:\/\/alla-vecchia-maniera.it\/index.php?rest_route=\/wp\/v2\/pages\/789\/revisions\/1119"}],"wp:attachment":[{"href":"https:\/\/alla-vecchia-maniera.it\/index.php?rest_route=%2Fwp%2Fv2%2Fmedia&parent=789"}],"curies":[{"name":"wp","href":"https:\/\/api.w.org\/{rel}","templated":true}]}}